{"id":130,"date":"2022-02-24T10:12:33","date_gmt":"2022-02-24T10:12:33","guid":{"rendered":"https:\/\/icc.web.uah.es\/?page_id=130"},"modified":"2022-03-16T15:51:52","modified_gmt":"2022-03-16T15:51:52","slug":"arantzazu-fraile-rey","status":"publish","type":"page","link":"https:\/\/icc.web.uah.es\/index.php\/arantzazu-fraile-rey\/","title":{"rendered":"Ar\u00e1ntzazu Fraile Rey"},"content":{"rendered":"\n<p>Doctora en Educaci\u00f3n por la UAH. Licenciada en Ciencias F\u00edsicas por la UAM. M\u00e1ster oficial en Formaci\u00f3n de Profesorado Universitario por la UAH. Profesora asociada de la Unidad Docente de Matem\u00e1ticas de la UAH.&nbsp;&nbsp;Profesora de matem\u00e1ticas en ESO en el centro concertado Educrea el Mirador (Villalbilla &#8211; Madrid). Responsable del Aula de Matem\u00e1ticas Activas UAH-SM para la formaci\u00f3n permanente del profesorado y la innovaci\u00f3n educativa en matem\u00e1ticas, tutora del programa de seguimiento en las aulas de primaria y formaci\u00f3n del profesorado de los centros en los que se implanta Piensa Infinito &#8211; Matem\u00e1ticas Activas Singapur.&nbsp;&nbsp;Miembro del comit\u00e9 organizador de las Olimpiadas Matem\u00e1ticas de CLM desde 2010, organiza las Olimpiadas de la Provincia de Guadalajara, participa activamente en la edici\u00f3n Regional y en la Nacional.&nbsp;&nbsp;Colaboradora de los centros de Formaci\u00f3n del Profesorado de diversas Comunidades Aut\u00f3nomas (Madrid, CLM, CyL). Ha participado en varios proyectos de innovaci\u00f3n docente, en 2 de ellos como responsable y primer firmante; y en m\u00faltiples encuentros y jornadas universitarias.<\/p>\n","protected":false},"excerpt":{"rendered":"<p>Doctora en Educaci\u00f3n por la UAH. Licenciada en Ciencias F\u00edsicas por la UAM. M\u00e1ster oficial en Formaci\u00f3n de Profesorado Universitario por la UAH. Profesora asociada de la Unidad Docente de Matem\u00e1ticas de la UAH.&nbsp;&nbsp;Profesora de matem\u00e1ticas en ESO en el centro concertado Educrea el Mirador (Villalbilla &#8211; Madrid). Responsable del Aula de Matem\u00e1ticas Activas UAH-SM [&hellip;]<\/p>\n","protected":false},"author":1,"featured_media":127,"parent":0,"menu_order":0,"comment_status":"closed","ping_status":"closed","template":"","meta":{"footnotes":""},"class_list":["post-130","page","type-page","status-publish","has-post-thumbnail","hentry"],"_links":{"self":[{"href":"https:\/\/icc.web.uah.es\/index.php\/wp-json\/wp\/v2\/pages\/130","targetHints":{"allow":["GET"]}}],"collection":[{"href":"https:\/\/icc.web.uah.es\/index.php\/wp-json\/wp\/v2\/pages"}],"about":[{"href":"https:\/\/icc.web.uah.es\/index.php\/wp-json\/wp\/v2\/types\/page"}],"author":[{"embeddable":true,"href":"https:\/\/icc.web.uah.es\/index.php\/wp-json\/wp\/v2\/users\/1"}],"replies":[{"embeddable":true,"href":"https:\/\/icc.web.uah.es\/index.php\/wp-json\/wp\/v2\/comments?post=130"}],"version-history":[{"count":2,"href":"https:\/\/icc.web.uah.es\/index.php\/wp-json\/wp\/v2\/pages\/130\/revisions"}],"predecessor-version":[{"id":453,"href":"https:\/\/icc.web.uah.es\/index.php\/wp-json\/wp\/v2\/pages\/130\/revisions\/453"}],"wp:featuredmedia":[{"embeddable":true,"href":"https:\/\/icc.web.uah.es\/index.php\/wp-json\/wp\/v2\/media\/127"}],"wp:attachment":[{"href":"https:\/\/icc.web.uah.es\/index.php\/wp-json\/wp\/v2\/media?parent=130"}],"curies":[{"name":"wp","href":"https:\/\/api.w.org\/{rel}","templated":true}]}}