{"id":311,"date":"2022-02-25T11:24:09","date_gmt":"2022-02-25T11:24:09","guid":{"rendered":"https:\/\/icc.web.uah.es\/?page_id=311"},"modified":"2022-05-11T10:09:47","modified_gmt":"2022-05-11T10:09:47","slug":"docencia","status":"publish","type":"page","link":"https:\/\/icc.web.uah.es\/index.php\/docencia\/","title":{"rendered":"Docencia"},"content":{"rendered":"\n<p><img loading=\"lazy\" decoding=\"async\" width=\"400\" height=\"160\" class=\"wp-image-360\" style=\"width: 400px;\" src=\"http:\/\/icc.web.uah.es\/wp-content\/uploads\/2022\/03\/Captura-de-pantalla-2022-03-09-a-las-12.21.13.png\" alt=\"Facultad de Educaci\u00f3n\" srcset=\"https:\/\/icc.web.uah.es\/wp-content\/uploads\/2022\/03\/Captura-de-pantalla-2022-03-09-a-las-12.21.13.png 1540w, https:\/\/icc.web.uah.es\/wp-content\/uploads\/2022\/03\/Captura-de-pantalla-2022-03-09-a-las-12.21.13-300x120.png 300w, https:\/\/icc.web.uah.es\/wp-content\/uploads\/2022\/03\/Captura-de-pantalla-2022-03-09-a-las-12.21.13-1024x410.png 1024w, https:\/\/icc.web.uah.es\/wp-content\/uploads\/2022\/03\/Captura-de-pantalla-2022-03-09-a-las-12.21.13-768x307.png 768w, https:\/\/icc.web.uah.es\/wp-content\/uploads\/2022\/03\/Captura-de-pantalla-2022-03-09-a-las-12.21.13-1536x614.png 1536w\" sizes=\"auto, (max-width: 400px) 100vw, 400px\" \/><\/p>\n\n\n\n<p style=\"font-size:30px\"><strong>Facultad de Educaci\u00f3n:<\/strong><\/p>\n\n\n\n<p><strong>Grados de Magisterio<\/strong><\/p>\n\n\n\n<ul class=\"wp-block-list\"><li><a href=\"https:\/\/www.uah.es\/es\/estudios\/estudios-oficiales\/grados\/asignatura\/index.html?codAsig=430065\">Aprendizaje basado en Proyectos STEAM<\/a> (Profesores: M\u00aa Dolores, Julio y Germ\u00e1n)<\/li><li><a href=\"https:\/\/www.uah.es\/es\/estudios\/estudios-oficiales\/grados\/asignatura\/index.html?codAsig=430066\">Taller de Ciencias Experimentales<\/a> (Profesor: Germ\u00e1n)<\/li><li><a href=\"https:\/\/www.uah.es\/es\/estudios\/estudios-oficiales\/grados\/asignatura\/index.html?codAsig=430008\">Ciencias de la Materia y de la Energ\u00eda<\/a> (Profesores: I\u00f1igo, M\u00aa Teresa y Germ\u00e1n)<\/li><li><a href=\"https:\/\/www.uah.es\/es\/estudios\/estudios-oficiales\/grados\/asignatura\/index.html?codAsig=470015\">Did\u00e1ctica de las Ciencias Naturales<\/a> (Profesores: M\u00aa Teresa y Amelia)<\/li><li><a href=\"https:\/\/www.uah.es\/es\/estudios\/estudios-oficiales\/grados\/asignatura\/index.html?codAsig=430011\">Did\u00e1ctica de las Ciencias de la Naturaleza<\/a> (Profesores: I\u00f1igo, M\u00aa Teresa, Amelia y M\u00aa Dolores)<\/li><li><a href=\"https:\/\/www.uah.es\/es\/estudios\/estudios-oficiales\/grados\/asignatura\/index.html?codAsig=420020\">Ense\u00f1anza y Aprendizaje de las Ciencias de la Naturaleza<\/a> (Profesora: M\u00aa Dolores)<\/li><li><a href=\"https:\/\/www.uah.es\/es\/estudios\/estudios-oficiales\/grados\/asignatura\/index.html?codAsig=470014\">Did\u00e1ctica de las Matem\u00e1ticas<\/a> (Profesora: Arancha)<\/li><li><a href=\"https:\/\/www.uah.es\/es\/estudios\/estudios-oficiales\/grados\/asignatura\/index.html?codAsig=470007\">Matem\u00e1ticas I<\/a> (Profesora: Arancha)<\/li><li><a href=\"https:\/\/www.uah.es\/es\/estudios\/estudios-oficiales\/grados\/asignatura\/index.html?codAsig=470012\">Matem\u00e1ticas II<\/a> (Profesora: Arancha)<\/li><li><a href=\"https:\/\/www.uah.es\/es\/estudios\/estudios-oficiales\/grados\/asignatura\/index.html?codAsig=430062\">Robotica Educativa<\/a> (Profesor: Julio)<\/li><li><a href=\"https:\/\/www.uah.es\/es\/estudios\/estudios-oficiales\/grados\/asignatura\/Robotica-Para-Todos-100008\/\">Robotica para todos<\/a> (Profesor: Julio)<\/li><li><a href=\"https:\/\/www.uah.es\/es\/estudios\/estudios-oficiales\/grados\/asignatura\/index.html?codAsig=420004\">Psicolog\u00eda del Desarrollo<\/a> (Profesora: Ana Bel\u00e9n)<\/li><li><a href=\"https:\/\/www.uah.es\/es\/estudios\/estudios-oficiales\/grados\/asignatura\/index.html?codAsig=420008\">Psicolog\u00eda de la Educaci\u00f3n<\/a> (Profesora: Ana Bel\u00e9n)<\/li><li><a href=\"https:\/\/www.uah.es\/es\/estudios\/estudios-oficiales\/grados\/asignatura\/Educacion-Para-la-Felicidad-100147\/\">Educaci\u00f3n para la Felicidad<\/a> (Profesora: Ana Bel\u00e9n)<\/li><li><a href=\"https:\/\/www.uah.es\/es\/estudios\/estudios-oficiales\/grados\/asignatura\/index.html?codAsig=420015\">El Juego Musical: Expresi\u00f3n y Percepci\u00f3n<\/a> (Profesora: Nieves)<\/li><li><a href=\"https:\/\/www.uah.es\/es\/estudios\/estudios-oficiales\/grados\/asignatura\/index.html?codAsig=420065\">Expresi\u00f3n Vocal e Instrumental y su did\u00e1ctica<\/a> (Profesora: Nieves)<\/li><\/ul>\n\n\n\n<p><strong>M\u00e1ster Universitario en\u00a0Formaci\u00f3n del Profesorado<\/strong> de ESO, Bachillerato, Formaci\u00f3n Profesional y Ense\u00f1anza de Idiomas (<a href=\"https:\/\/master-fps.web.uah.es\/\/inicio.html\">web<\/a>)<\/p>\n\n\n\n<div class=\"wp-block-group\"><div class=\"wp-block-group__inner-container is-layout-flow wp-block-group-is-layout-flow\">\n<ul class=\"wp-block-list\"><li><a href=\"https:\/\/www.uah.es\/es\/estudios\/estudios-oficiales\/grados\/asignatura\/Conocimientos-Didacticos-de-Contenidos-de-Fisica-201935\">Conocimientos did\u00e1cticos de Contenidos de F\u00edsica<\/a> (Profesor: Germ\u00e1n)<\/li><li><a href=\"https:\/\/www.uah.es\/es\/estudios\/estudios-oficiales\/grados\/asignatura\/Didactica-de-las-Ciencias-I-Biologia-y-Geologia-201410\">Did\u00e1ctica de las Ciencias I: Biolog\u00eda y Geolog\u00eda<\/a> (Profesora: Amelia)<\/li><li><a href=\"https:\/\/www.uah.es\/es\/estudios\/estudios-oficiales\/grados\/asignatura\/Didactica-de-las-Ciencias-II-Biologia-y-Geologia-201411\">Did\u00e1ctica de las Ciencias II: Biolog\u00eda y Geolog\u00eda<\/a> (Profesora: M\u00aa Dolores)<\/li><li><a href=\"https:\/\/www.uah.es\/es\/estudios\/estudios-oficiales\/grados\/asignatura\/Aprendizaje-de-las-Ciencias-M106-201420\">Aprendizaje de las Ciencias (M106)<\/a> (Profesora: M\u00aa Teresa)<\/li><li><a href=\"https:\/\/www.uah.es\/es\/estudios\/estudios-oficiales\/grados\/asignatura\/Didactica-de-las-Ciencias-I-Fisica-y-Quimica-201418\">Did\u00e1ctica de las Ciencias I: F\u00edsica y Qu\u00edmica<\/a> (Profesora: M\u00aa Teresa)<\/li><li><a href=\"https:\/\/www.uah.es\/es\/estudios\/estudios-oficiales\/grados\/asignatura\/Didactica-de-las-Ciencias-II-Fisica-y-Quimica-201419\">Did\u00e1ctica de las Ciencias II: F\u00edsica y Qu\u00edmica<\/a> (Profesor: I\u00f1igo)<\/li><li><a href=\"https:\/\/www.uah.es\/es\/estudios\/estudios-oficiales\/grados\/asignatura\/Ensenanza-de-la-Fisica-y-la-Quimica-201421\">Ense\u00f1anza de la F\u00edsica y la Qu\u00edmica<\/a> (Profesor: I\u00f1igo)<\/li><li><a href=\"https:\/\/www.uah.es\/es\/estudios\/estudios-oficiales\/grados\/asignatura\/Innovacion-Docente-e-Iniciacion-a-la-Investigacion-Educativa-en-Fisica-y-Quimica-201422\">Innovaci\u00f3n docente e Iniciaci\u00f3n a la Investigaci\u00f3n Educativa en F\u00edsica y Qu\u00edmica<\/a> (Profesor: I\u00f1igo)<\/li><\/ul>\n<\/div><\/div>\n\n\n\n<p><strong>Universidad de Mayores<\/strong> (<a href=\"https:\/\/www.uah.es\/export\/sites\/uah\/es\/estudios\/otros-estudios\/universidad-de-mayores\/.galleries\/Universidad-de-Mayores\/Humanidades-Alcala\/Folleto_CCNN_Alcala2021-22.pdf\">Programa de Ciencias<\/a>, <a href=\"https:\/\/www.uah.es\/es\/estudios\/otros-estudios\/universidad-de-mayores\/oferta-academica\/Programa-de-Ciencias-Naturales-Campus-Alcala\/\">web<\/a>)<\/p>\n\n\n\n<ul class=\"wp-block-list\"><li><a href=\"https:\/\/www.uah.es\/export\/sites\/uah\/es\/estudios\/otros-estudios\/universidad-de-mayores\/.galleries\/Universidad-de-Mayores\/Ciencias-Alcala\/Ciencias-Alcala-2\/2021-22_2CCNN_Alcala_guia_GEOLOGIA_MAdePablo.pdf\">Geolog\u00eda<\/a> (2\u00ba curso, 1\u00ba cuatrimestre) (Profesora: Amelia)<\/li><li><a href=\"https:\/\/www.uah.es\/export\/sites\/uah\/es\/estudios\/otros-estudios\/universidad-de-mayores\/.galleries\/Universidad-de-Mayores\/Ciencias-Alcala\/Ciencias-Alcala-3\/2021-22_3CCNN_Alcala_guia_PALEONTOLOGIA_LolaCarrillo.pdf\">Paleontolog\u00eda<\/a> (3\u00ba curso, 1\u00ba cuatrimestre) (Profesoras: Amelia y M\u00aa Dolores)<\/li><li><a href=\"https:\/\/www.uah.es\/export\/sites\/uah\/es\/estudios\/otros-estudios\/universidad-de-mayores\/.galleries\/Universidad-de-Mayores\/Ciencias-Alcala\/Ciencias-Alcala-2\/2021-22_2CCNN_Alcala_guia_FISICA_GermanyPaco.pdf\">F\u00edsica aplicada<\/a> (2\u00ba curso, 2\u00ba cuatrimestre) (Profesor: Germ\u00e1n)<\/li><\/ul>\n\n\n\n<p><\/p>\n\n\n\n<p><\/p>\n\n\n\n<p><\/p>\n","protected":false},"excerpt":{"rendered":"<p>Facultad de Educaci\u00f3n: Grados de Magisterio Aprendizaje basado en Proyectos STEAM (Profesores: M\u00aa Dolores, Julio y Germ\u00e1n) Taller de Ciencias Experimentales (Profesor: Germ\u00e1n) Ciencias de la Materia y de la Energ\u00eda (Profesores: I\u00f1igo, M\u00aa Teresa y Germ\u00e1n) Did\u00e1ctica de las Ciencias Naturales (Profesores: M\u00aa Teresa y Amelia) Did\u00e1ctica de las Ciencias de la Naturaleza (Profesores: [&hellip;]<\/p>\n","protected":false},"author":1,"featured_media":0,"parent":0,"menu_order":0,"comment_status":"closed","ping_status":"closed","template":"","meta":{"footnotes":""},"class_list":["post-311","page","type-page","status-publish","hentry"],"_links":{"self":[{"href":"https:\/\/icc.web.uah.es\/index.php\/wp-json\/wp\/v2\/pages\/311","targetHints":{"allow":["GET"]}}],"collection":[{"href":"https:\/\/icc.web.uah.es\/index.php\/wp-json\/wp\/v2\/pages"}],"about":[{"href":"https:\/\/icc.web.uah.es\/index.php\/wp-json\/wp\/v2\/types\/page"}],"author":[{"embeddable":true,"href":"https:\/\/icc.web.uah.es\/index.php\/wp-json\/wp\/v2\/users\/1"}],"replies":[{"embeddable":true,"href":"https:\/\/icc.web.uah.es\/index.php\/wp-json\/wp\/v2\/comments?post=311"}],"version-history":[{"count":30,"href":"https:\/\/icc.web.uah.es\/index.php\/wp-json\/wp\/v2\/pages\/311\/revisions"}],"predecessor-version":[{"id":605,"href":"https:\/\/icc.web.uah.es\/index.php\/wp-json\/wp\/v2\/pages\/311\/revisions\/605"}],"wp:attachment":[{"href":"https:\/\/icc.web.uah.es\/index.php\/wp-json\/wp\/v2\/media?parent=311"}],"curies":[{"name":"wp","href":"https:\/\/api.w.org\/{rel}","templated":true}]}}