{"id":314,"date":"2022-02-25T11:25:42","date_gmt":"2022-02-25T11:25:42","guid":{"rendered":"https:\/\/icc.web.uah.es\/?page_id=314"},"modified":"2022-04-21T08:33:29","modified_gmt":"2022-04-21T08:33:29","slug":"transferencia","status":"publish","type":"page","link":"https:\/\/icc.web.uah.es\/index.php\/transferencia\/","title":{"rendered":"Transferencia"},"content":{"rendered":"\n<p>Los miembros del grupo ICC participan en numerosas actividades de transferencia del conocimiento cient\u00edfico. Adem\u00e1s se han generado materiales para centros escolares y tutoriales para docentes de algunos proyectos que pueden ser usados en el aula:<\/p>\n\n\n\n<ul class=\"wp-block-list\"><li><mark style=\"background-color:rgba(0, 0, 0, 0)\" class=\"has-inline-color has-luminous-vivid-amber-color\">Materiales educativos<\/mark><\/li><\/ul>\n\n\n\n<p>Proyecto <strong>\u201cMaquinado Antiguo Egipto\u201d<\/strong> 4-\u00ba5\u00ba Educaci\u00f3n Primaria<\/p>\n\n\n\n<p class=\"has-text-align-left\"><a href=\"https:\/\/universidaddealcala-my.sharepoint.com\/personal\/german_ros_uah_es\/_layouts\/15\/onedrive.aspx?id=%2Fpersonal%2Fgerman%5Fros%5Fuah%5Fes%2FDocuments%2FInvestigacion%2FGRUPO%2DICC%2FWEB%2DMATERIALES%2FProyecto%2DEgitpo%2DMateriales%2Ezip&amp;parent=%2Fpersonal%2Fgerman%5Fros%5Fuah%5Fes%2FDocuments%2FInvestigacion%2FGRUPO%2DICC%2FWEB%2DMATERIALES&amp;ga=1\">Materiales<\/a> <\/p>\n\n\n\n<p><a href=\"https:\/\/www.youtube.com\/watch?v=eF2B9nf0IsE\">Videos <\/a><\/p>\n\n\n\n<p>&#8220;<strong>Actividad de Indagaci\u00f3n<\/strong> sobre cualidades del sonido y los instrumentos musicales (Ed. Secundaria; grado de Magisterio)&#8221;<\/p>\n\n\n\n<p><a href=\"https:\/\/universidaddealcala-my.sharepoint.com\/personal\/german_ros_uah_es\/_layouts\/15\/onedrive.aspx?id=%2Fpersonal%2Fgerman%5Fros%5Fuah%5Fes%2FDocuments%2FInvestigacion%2FGRUPO%2DICC%2FWEB%2DMATERIALES%2FINDAGACION%5FQue%20hace%20que%20los%20instrumentos%20suenen%2E%2E%2E%2Epdf&amp;parent=%2Fpersonal%2Fgerman%5Fros%5Fuah%5Fes%2FDocuments%2FInvestigacion%2FGRUPO%2DICC%2FWEB%2DMATERIALES&amp;ga=1\">Materiales<\/a><\/p>\n\n\n\n<p><strong>Fichas de demostraciones de F\u00edsica<\/strong> (Germ\u00e1n Ros. Dpto. F\u00edsica y Matem\u00e1ticas. UAH)<\/p>\n\n\n\n<p><a href=\"https:\/\/universidaddealcala-my.sharepoint.com\/personal\/german_ros_uah_es\/_layouts\/15\/onedrive.aspx?id=%2Fpersonal%2Fgerman%5Fros%5Fuah%5Fes%2FDocuments%2FInvestigacion%2FGRUPO%2DICC%2FWEB%2DMATERIALES%2FFichas%5FDemostraciones%2DFisica%2Epdf&amp;parent=%2Fpersonal%2Fgerman%5Fros%5Fuah%5Fes%2FDocuments%2FInvestigacion%2FGRUPO%2DICC%2FWEB%2DMATERIALES&amp;ga=1\">Materiales<\/a><\/p>\n\n\n\n<ul class=\"wp-block-list\"><li><mark style=\"background-color:rgba(0, 0, 0, 0)\" class=\"has-inline-color has-luminous-vivid-amber-color\">Organizaci\u00f3n y participaci\u00f3n en competiciones de Rob\u00f3tica<\/mark> (actividades orientadas a los estudiantes de educaci\u00f3n secundaria y universitarios).<\/li><\/ul>\n\n\n\n<p>ALCABOT (<a href=\"http:\/\/asimov.depeca.uah.es\/robotica\/\">ROB\u00d3TICA EN LA UNIVERSIDAD DE ALCAL\u00c1<\/a>)<\/p>\n\n\n\n<div class=\"wp-block-columns is-layout-flex wp-container-core-columns-is-layout-9d6595d7 wp-block-columns-is-layout-flex\">\n<div class=\"wp-block-column is-layout-flow wp-block-column-is-layout-flow\">\n<p class=\"has-text-align-center\"><strong><a href=\"http:\/\/www.eurobot.es\/index.php\/about\/edicion-2022-es\">Eurobot Spain<\/a><\/strong><\/p>\n\n\n\n<figure class=\"wp-block-embed is-type-video is-provider-youtube wp-block-embed-youtube wp-embed-aspect-16-9 wp-has-aspect-ratio\"><div class=\"wp-block-embed__wrapper\">\n<iframe loading=\"lazy\" title=\"Conoce Eurobot\" width=\"930\" height=\"523\" src=\"https:\/\/www.youtube.com\/embed\/7L10vNgHRhk?feature=oembed\" frameborder=\"0\" allow=\"accelerometer; autoplay; clipboard-write; encrypted-media; gyroscope; picture-in-picture\" allowfullscreen><\/iframe>\n<\/div><\/figure>\n<\/div>\n\n\n\n<div class=\"wp-block-column is-layout-flow wp-block-column-is-layout-flow\">\n<p class=\"has-text-align-center\"><strong><a href=\"http:\/\/www.eurobot.es\">Eurobot Jr. Spain<\/a><\/strong><\/p>\n\n\n\n<div class=\"wp-block-image is-style-rounded\"><figure class=\"aligncenter size-full is-resized\"><img loading=\"lazy\" decoding=\"async\" src=\"https:\/\/icc.web.uah.es\/wp-content\/uploads\/2022\/03\/Captura-de-pantalla-2022-03-16-a-las-17.07.27.png\" alt=\"\" class=\"wp-image-457\" width=\"245\" height=\"194\" srcset=\"https:\/\/icc.web.uah.es\/wp-content\/uploads\/2022\/03\/Captura-de-pantalla-2022-03-16-a-las-17.07.27.png 516w, https:\/\/icc.web.uah.es\/wp-content\/uploads\/2022\/03\/Captura-de-pantalla-2022-03-16-a-las-17.07.27-300x237.png 300w\" sizes=\"auto, (max-width: 245px) 100vw, 245px\" \/><\/figure><\/div>\n<\/div>\n<\/div>\n\n\n\n<ul class=\"wp-block-list\"><li><mark style=\"background-color:rgba(0, 0, 0, 0)\" class=\"has-inline-color has-luminous-vivid-amber-color\">Actividades de divulgaci\u00f3n<\/mark> (actividades orientadas a todo aquel que este interesado)<\/li><\/ul>\n\n\n\n<div class=\"wp-block-columns is-layout-flex wp-container-core-columns-is-layout-9d6595d7 wp-block-columns-is-layout-flex\">\n<div class=\"wp-block-column is-layout-flow wp-block-column-is-layout-flow\">\n<p class=\"has-text-align-center\"><strong><a href=\"https:\/\/www.semanacienciamadrid.org\/actividad\/viaje-didactico-por-el-universo-ix-edicion\">Semana de la Ciencia<\/a><\/strong><\/p>\n\n\n\n<figure class=\"wp-block-image size-full\"><a href=\"https:\/\/www.semanacienciamadrid.org\"><img loading=\"lazy\" decoding=\"async\" width=\"714\" height=\"300\" src=\"https:\/\/icc.web.uah.es\/wp-content\/uploads\/2022\/03\/Captura-de-pantalla-2022-03-16-a-las-17.09.31.png\" alt=\"\" class=\"wp-image-460\" srcset=\"https:\/\/icc.web.uah.es\/wp-content\/uploads\/2022\/03\/Captura-de-pantalla-2022-03-16-a-las-17.09.31.png 714w, https:\/\/icc.web.uah.es\/wp-content\/uploads\/2022\/03\/Captura-de-pantalla-2022-03-16-a-las-17.09.31-300x126.png 300w\" sizes=\"auto, (max-width: 714px) 100vw, 714px\" \/><\/a><\/figure>\n<\/div>\n\n\n\n<div class=\"wp-block-column is-layout-flow wp-block-column-is-layout-flow\">\n<p class=\"has-text-align-center\"><strong><a href=\"https:\/\/pintofscience.es\">Pint of Science<\/a><\/strong><\/p>\n\n\n\n<div class=\"wp-block-image\"><figure class=\"aligncenter size-full\"><a href=\"https:\/\/pintofscience.es\"><img loading=\"lazy\" decoding=\"async\" width=\"374\" height=\"184\" src=\"https:\/\/icc.web.uah.es\/wp-content\/uploads\/2022\/03\/Captura-de-pantalla-2022-03-16-a-las-17.13.38.png\" alt=\"\" class=\"wp-image-462\" srcset=\"https:\/\/icc.web.uah.es\/wp-content\/uploads\/2022\/03\/Captura-de-pantalla-2022-03-16-a-las-17.13.38.png 374w, https:\/\/icc.web.uah.es\/wp-content\/uploads\/2022\/03\/Captura-de-pantalla-2022-03-16-a-las-17.13.38-300x148.png 300w\" sizes=\"auto, (max-width: 374px) 100vw, 374px\" \/><\/a><\/figure><\/div>\n<\/div>\n<\/div>\n\n\n\n<div class=\"wp-block-columns is-layout-flex wp-container-core-columns-is-layout-9d6595d7 wp-block-columns-is-layout-flex\">\n<div class=\"wp-block-column is-layout-flow wp-block-column-is-layout-flow\">\n<p class=\"has-text-align-center\"><strong><a href=\"https:\/\/geolodia.es\/geolodia-2022\/guadalajara-2022\/\">Geolod\u00eda<\/a><\/strong><\/p>\n\n\n\n<div class=\"wp-block-image\"><figure class=\"aligncenter size-full\"><a href=\"https:\/\/geolodia.es\/geolodia-2022\/\"><img loading=\"lazy\" decoding=\"async\" width=\"610\" height=\"176\" src=\"https:\/\/icc.web.uah.es\/wp-content\/uploads\/2022\/03\/Captura-de-pantalla-2022-03-17-a-las-12.43.09.png\" alt=\"\" class=\"wp-image-465\" srcset=\"https:\/\/icc.web.uah.es\/wp-content\/uploads\/2022\/03\/Captura-de-pantalla-2022-03-17-a-las-12.43.09.png 610w, https:\/\/icc.web.uah.es\/wp-content\/uploads\/2022\/03\/Captura-de-pantalla-2022-03-17-a-las-12.43.09-300x87.png 300w\" sizes=\"auto, (max-width: 610px) 100vw, 610px\" \/><\/a><\/figure><\/div>\n<\/div>\n\n\n\n<div class=\"wp-block-column is-layout-flow wp-block-column-is-layout-flow\"><\/div>\n<\/div>\n\n\n\n<ul class=\"wp-block-list\"><li><mark style=\"background-color:rgba(0, 0, 0, 0)\" class=\"has-inline-color has-luminous-vivid-amber-color\">Organizaci\u00f3n de Olimpiadas Cient\u00edficas<\/mark> (actividades orientadas a los estudiantes de educaci\u00f3n secundaria)<\/li><\/ul>\n\n\n\n<div class=\"wp-block-columns is-layout-flex wp-container-core-columns-is-layout-9d6595d7 wp-block-columns-is-layout-flex\">\n<div class=\"wp-block-column is-layout-flow wp-block-column-is-layout-flow\">\n<p class=\"has-text-align-center\"><strong><a href=\"http:\/\/www.aepect.org\/13a-olimpiada-espanola-de-geologia\/\">Olimpiadas de Geolog\u00eda<\/a><\/strong><\/p>\n\n\n\n<div class=\"wp-block-image\"><figure class=\"aligncenter size-large\"><a href=\"http:\/\/www.aepect.org\/13a-olimpiada-espanola-de-geologia\/\"><img loading=\"lazy\" decoding=\"async\" width=\"1024\" height=\"320\" src=\"https:\/\/icc.web.uah.es\/wp-content\/uploads\/2022\/03\/Captura-de-pantalla-2022-03-17-a-las-12.47.28-1024x320.png\" alt=\"\" class=\"wp-image-466\" srcset=\"https:\/\/icc.web.uah.es\/wp-content\/uploads\/2022\/03\/Captura-de-pantalla-2022-03-17-a-las-12.47.28-1024x320.png 1024w, https:\/\/icc.web.uah.es\/wp-content\/uploads\/2022\/03\/Captura-de-pantalla-2022-03-17-a-las-12.47.28-300x94.png 300w, https:\/\/icc.web.uah.es\/wp-content\/uploads\/2022\/03\/Captura-de-pantalla-2022-03-17-a-las-12.47.28-768x240.png 768w, https:\/\/icc.web.uah.es\/wp-content\/uploads\/2022\/03\/Captura-de-pantalla-2022-03-17-a-las-12.47.28.png 1202w\" sizes=\"auto, (max-width: 1024px) 100vw, 1024px\" \/><\/a><\/figure><\/div>\n<\/div>\n\n\n\n<div class=\"wp-block-column is-layout-flow wp-block-column-is-layout-flow\">\n<p class=\"has-text-align-center\"><strong>Olimpiadas de Matem\u00e1ticas<\/strong><\/p>\n<\/div>\n<\/div>\n\n\n\n<ul class=\"wp-block-list\"><li><mark style=\"background-color:rgba(0, 0, 0, 0)\" class=\"has-inline-color has-luminous-vivid-amber-color\">Formaci\u00f3n permanente de docentes<\/mark> (actividades orientadas a docentes)<\/li><\/ul>\n\n\n\n<p>Cursos STEAM, Matem\u00e1ticas y Rob\u00f3tica.<\/p>\n\n\n\n<p><\/p>\n","protected":false},"excerpt":{"rendered":"<p>Los miembros del grupo ICC participan en numerosas actividades de transferencia del conocimiento cient\u00edfico. Adem\u00e1s se han generado materiales para centros escolares y tutoriales para docentes de algunos proyectos que pueden ser usados en el aula: Materiales educativos Proyecto \u201cMaquinado Antiguo Egipto\u201d 4-\u00ba5\u00ba Educaci\u00f3n Primaria Materiales Videos &#8220;Actividad de Indagaci\u00f3n sobre cualidades del sonido y [&hellip;]<\/p>\n","protected":false},"author":1,"featured_media":0,"parent":0,"menu_order":0,"comment_status":"closed","ping_status":"closed","template":"","meta":{"footnotes":""},"class_list":["post-314","page","type-page","status-publish","hentry"],"_links":{"self":[{"href":"https:\/\/icc.web.uah.es\/index.php\/wp-json\/wp\/v2\/pages\/314","targetHints":{"allow":["GET"]}}],"collection":[{"href":"https:\/\/icc.web.uah.es\/index.php\/wp-json\/wp\/v2\/pages"}],"about":[{"href":"https:\/\/icc.web.uah.es\/index.php\/wp-json\/wp\/v2\/types\/page"}],"author":[{"embeddable":true,"href":"https:\/\/icc.web.uah.es\/index.php\/wp-json\/wp\/v2\/users\/1"}],"replies":[{"embeddable":true,"href":"https:\/\/icc.web.uah.es\/index.php\/wp-json\/wp\/v2\/comments?post=314"}],"version-history":[{"count":17,"href":"https:\/\/icc.web.uah.es\/index.php\/wp-json\/wp\/v2\/pages\/314\/revisions"}],"predecessor-version":[{"id":598,"href":"https:\/\/icc.web.uah.es\/index.php\/wp-json\/wp\/v2\/pages\/314\/revisions\/598"}],"wp:attachment":[{"href":"https:\/\/icc.web.uah.es\/index.php\/wp-json\/wp\/v2\/media?parent=314"}],"curies":[{"name":"wp","href":"https:\/\/api.w.org\/{rel}","templated":true}]}}