{"id":492,"date":"2022-03-18T10:27:24","date_gmt":"2022-03-18T10:27:24","guid":{"rendered":"https:\/\/icc.web.uah.es\/?page_id=492"},"modified":"2022-05-11T10:41:23","modified_gmt":"2022-05-11T10:41:23","slug":"colaboraciones-con-estudiantes","status":"publish","type":"page","link":"https:\/\/icc.web.uah.es\/index.php\/colaboraciones-con-estudiantes\/","title":{"rendered":"Becas y Tesis Doctorales"},"content":{"rendered":"\n<p>Becas de iniciaci\u00f3n a la investigaci\u00f3n<\/p>\n\n\n\n<ul class=\"wp-block-list\"><li><a href=\"https:\/\/www.uah.es\/es\/investigacion\/area-de-investigacion\/programa-propio\/Becas-de-Iniciacion-en-la-Actividad-Investigadora-2021\/\">Convocatoria 2021<\/a><\/li><\/ul>\n\n\n\n<p>Becas de colaboraci\u00f3n<\/p>\n\n\n\n<ul class=\"wp-block-list\"><li><a href=\"https:\/\/www.uah.es\/es\/admision-y-ayudas\/becas\/CONVOCATORIA-BECAS-DE-COLABORACION-EN-DEPARTAMENTOS-UNIVERSITARIOS.-MINISTERIO-DE-EDUCACION-Y-FORMACION-PROFESIONAL.-CURSO-2021-22.\/\">Convocatoria 2021<\/a><\/li><\/ul>\n\n\n\n<p>Tesis doctorales<\/p>\n\n\n\n<ul class=\"wp-block-list\"><li>Programa de <a href=\"http:\/\/escuela-doctorado.uah.es\/\/oferta_academica\/oferta_un_estudio.asp?p_curso_academico=2021-2022&amp;p_cod_estudio=D433&amp;p_cod_rama=SJ\">Doctorado en Educaci\u00f3n (D433<\/a>), <em>estudiantes de Doctorado:<\/em><\/li><\/ul>\n\n\n\n<ol class=\"wp-block-list\"><li><strong>Natalia Zhu Zhang<\/strong><ul><li>Proyecto de tesis doctoral:\u00a0<strong><em>\u201dEvaluaci\u00f3n de actitudes hacia las ciencias y las \u00e1reas STEAM<\/em>\u201d<\/strong><\/li><li>Director: Germ\u00e1n Ros. \u00a0<\/li><\/ul><\/li><li><strong>Juan Pedro Franco Hidalgo-Chac\u00f3n<\/strong><ul><li>Proyecto de Tesis Doctoral: <em><strong>\u201cActividades extraescolares de ciencias para Educaci\u00f3n Primaria basadas en la indagaci\u00f3n&#8221;<\/strong><\/em><\/li><li>Directores: I\u00f1igo Rodr\u00edguez y M\u00aa Mercedes Mart\u00ednez-Aznar (UCM).<\/li><\/ul><\/li><li><strong>Rafael Fern\u00e1ndez Toledano<\/strong><ul><li>Proyecto de Tesis Doctoral: \u00a0<em><strong>\u201cDise\u00f1o y Desarrollo de una Secuencia de Ense\u00f1anza\/Aprendizaje sobre visiones de la Naturaleza de la Ciencia\u201d<\/strong><\/em><\/li><li>Directores: Germ\u00e1n Ros\u00a0e I\u00f1igo Rodr\u00edguez. \u00a0<\/li><\/ul><\/li><li><strong>Lourdes de Miguel Barcala<\/strong><ul><li>Proyecto de tesis doctoral:\u00a0<em style=\"font-weight: bold;\">\u201dEstudio de la presencia de la competencia cient\u00edfica en el curr\u00edculo oficial de Educaci\u00f3n Secundaria Obligatoria en el \u00e1rea de Ciencias <\/em><span style=\"font-weight: 600;\"><i>Naturale<\/i><\/span><strong><em>s<\/em><\/strong><b>\u201d<\/b><\/li><li>Directoras: M\u00aa Dolores L\u00f3pez Carrillo y Amelia Calonge Garc\u00eda. \u00a0<\/li><\/ul><\/li><li><strong>Sandra Vallejo Labrador<\/strong><ul><li>Proyecto de tesis doctoral:\u00a0<strong><em>\u201dAlfabetizaci\u00f3n Geocient\u00edfica y Ense\u00f1anza de las Ciencias: Aprendizaje Basado en el marco de la Gamificaci\u00f3n<\/em>\u201d<\/strong><\/li><li>Directoras: Amelia Calonge Garc\u00eda y M\u00aa Dolores L\u00f3pez Carrillo. \u00a0<\/li><\/ul><\/li><\/ol>\n\n\n\n<p><\/p>\n","protected":false},"excerpt":{"rendered":"<p>Becas de iniciaci\u00f3n a la investigaci\u00f3n Convocatoria 2021 Becas de colaboraci\u00f3n Convocatoria 2021 Tesis doctorales Programa de Doctorado en Educaci\u00f3n (D433), estudiantes de Doctorado: Natalia Zhu Zhang Proyecto de tesis doctoral:\u00a0\u201dEvaluaci\u00f3n de actitudes hacia las ciencias y las \u00e1reas STEAM\u201d Director: Germ\u00e1n Ros. \u00a0 Juan Pedro Franco Hidalgo-Chac\u00f3n Proyecto de Tesis Doctoral: \u201cActividades extraescolares de [&hellip;]<\/p>\n","protected":false},"author":1,"featured_media":0,"parent":0,"menu_order":0,"comment_status":"closed","ping_status":"closed","template":"","meta":{"footnotes":""},"class_list":["post-492","page","type-page","status-publish","hentry"],"_links":{"self":[{"href":"https:\/\/icc.web.uah.es\/index.php\/wp-json\/wp\/v2\/pages\/492","targetHints":{"allow":["GET"]}}],"collection":[{"href":"https:\/\/icc.web.uah.es\/index.php\/wp-json\/wp\/v2\/pages"}],"about":[{"href":"https:\/\/icc.web.uah.es\/index.php\/wp-json\/wp\/v2\/types\/page"}],"author":[{"embeddable":true,"href":"https:\/\/icc.web.uah.es\/index.php\/wp-json\/wp\/v2\/users\/1"}],"replies":[{"embeddable":true,"href":"https:\/\/icc.web.uah.es\/index.php\/wp-json\/wp\/v2\/comments?post=492"}],"version-history":[{"count":4,"href":"https:\/\/icc.web.uah.es\/index.php\/wp-json\/wp\/v2\/pages\/492\/revisions"}],"predecessor-version":[{"id":555,"href":"https:\/\/icc.web.uah.es\/index.php\/wp-json\/wp\/v2\/pages\/492\/revisions\/555"}],"wp:attachment":[{"href":"https:\/\/icc.web.uah.es\/index.php\/wp-json\/wp\/v2\/media?parent=492"}],"curies":[{"name":"wp","href":"https:\/\/api.w.org\/{rel}","templated":true}]}}