{"id":495,"date":"2022-03-18T10:33:06","date_gmt":"2022-03-18T10:33:06","guid":{"rendered":"https:\/\/icc.web.uah.es\/?page_id=495"},"modified":"2022-03-22T10:51:38","modified_gmt":"2022-03-22T10:51:38","slug":"colaboraciones","status":"publish","type":"page","link":"https:\/\/icc.web.uah.es\/index.php\/colaboraciones\/","title":{"rendered":"Colaboraciones"},"content":{"rendered":"\n<p>El Grupo ICC cuenta con una serie de colaboraciones tanto a nivel institucional con centros de educaci\u00f3n (tanto de la Comunidad de Madrid, como de Castilla La Mancha) como colaboraciones con estudiantes, bien porque est\u00e1n haciendo sus tesis doctorales en las lineas de investigaci\u00f3n marcadas en el grupo, o bien porque desarrollan alguna beca en este marco de acci\u00f3n.<\/p>\n\n\n\n<div class=\"wp-block-buttons is-layout-flex wp-block-buttons-is-layout-flex\">\n<div class=\"wp-block-button\"><a class=\"wp-block-button__link has-white-color has-vivid-cyan-blue-background-color has-text-color has-background\" href=\"https:\/\/icc.web.uah.es\/index.php\/colaboraciones-con-estudiantes\/\">Becas y Tesis doctorales<\/a><\/div>\n\n\n\n<div class=\"wp-block-button\"><a class=\"wp-block-button__link has-white-color has-vivid-cyan-blue-background-color has-text-color has-background\" href=\"https:\/\/icc.web.uah.es\/index.php\/colaboraciones-con-centros-educativos\/\">Centros educativos<\/a><\/div>\n<\/div>\n\n\n\n<p> <\/p>\n","protected":false},"excerpt":{"rendered":"<p>El Grupo ICC cuenta con una serie de colaboraciones tanto a nivel institucional con centros de educaci\u00f3n (tanto de la Comunidad de Madrid, como de Castilla La Mancha) como colaboraciones con estudiantes, bien porque est\u00e1n haciendo sus tesis doctorales en las lineas de investigaci\u00f3n marcadas en el grupo, o bien porque desarrollan alguna beca en [&hellip;]<\/p>\n","protected":false},"author":1,"featured_media":0,"parent":0,"menu_order":0,"comment_status":"closed","ping_status":"closed","template":"","meta":{"footnotes":""},"class_list":["post-495","page","type-page","status-publish","hentry"],"_links":{"self":[{"href":"https:\/\/icc.web.uah.es\/index.php\/wp-json\/wp\/v2\/pages\/495","targetHints":{"allow":["GET"]}}],"collection":[{"href":"https:\/\/icc.web.uah.es\/index.php\/wp-json\/wp\/v2\/pages"}],"about":[{"href":"https:\/\/icc.web.uah.es\/index.php\/wp-json\/wp\/v2\/types\/page"}],"author":[{"embeddable":true,"href":"https:\/\/icc.web.uah.es\/index.php\/wp-json\/wp\/v2\/users\/1"}],"replies":[{"embeddable":true,"href":"https:\/\/icc.web.uah.es\/index.php\/wp-json\/wp\/v2\/comments?post=495"}],"version-history":[{"count":3,"href":"https:\/\/icc.web.uah.es\/index.php\/wp-json\/wp\/v2\/pages\/495\/revisions"}],"predecessor-version":[{"id":506,"href":"https:\/\/icc.web.uah.es\/index.php\/wp-json\/wp\/v2\/pages\/495\/revisions\/506"}],"wp:attachment":[{"href":"https:\/\/icc.web.uah.es\/index.php\/wp-json\/wp\/v2\/media?parent=495"}],"curies":[{"name":"wp","href":"https:\/\/api.w.org\/{rel}","templated":true}]}}