{"id":71,"date":"2022-02-24T09:11:29","date_gmt":"2022-02-24T09:11:29","guid":{"rendered":"https:\/\/icc.web.uah.es\/?page_id=71"},"modified":"2022-03-16T15:52:47","modified_gmt":"2022-03-16T15:52:47","slug":"german-ros-magan","status":"publish","type":"page","link":"https:\/\/icc.web.uah.es\/index.php\/german-ros-magan\/","title":{"rendered":"Germ\u00e1n Ros Mag\u00e1n"},"content":{"rendered":"\n<p>Es Coordinador del Grupo de Investigaci\u00f3n consolidado de la Universidad de Alcal\u00e1 denominado \u201cGrupo Investiga, Construye, Crea\u201d, creado en 01\/01\/2020. Profesor titular de la Unidad docente de f\u00edsica de la UAH. Es Doctor en F\u00edsica y Matem\u00e1ticas por la UAH. Su labor investigadora se centra actualmente en la Did\u00e1ctica de las Ciencias Experimentales, las diversas metodolog\u00edas de ense\u00f1anza y el enfoque STEAM. Posee dos sexenios de investigaci\u00f3n (2006-2011 y 2012-2017). Autor de m\u00e1s de 70 art\u00edculos cient\u00edficos y 40 contribuciones a congresos, ha participado en m\u00e1s de 20 proyectos de investigaci\u00f3n financiados por diversos organismos nacionales e internacionales. A nivel docente su actividad se desarrolla actualmente de forma \u00edntegra en la Facultad de Educaci\u00f3n de la UAH. Ha recibido dos evaluaciones docentia-excelente (m\u00e1xima puntuaci\u00f3n; 2011-2015 y 2015-2019). Adem\u00e1s, ha sido coordinador de un grupo de innovaci\u00f3n docente durante 8 a\u00f1os y desarrollado 7 proyectos de innovaci\u00f3n, fruto de lo cual su grupo recibi\u00f3 el Premio de Innovaci\u00f3n Docente de la UAH (2014). Ha sido Vicedecano de la Facultad de Educaci\u00f3n (10\/2\/2016-19\/3\/2019), Coordinador de Primer Curso de los Grados de Ingeniero de Telecomunicaciones (4 grados) en la Escuela Polit\u00e9cnica Superior (2011-2015), coordinador de la especialidad de F\u00edsica y Qu\u00edmica del M\u00e1ster de Formaci\u00f3n de Profesorado Universitario (01\/09\/2019-hoy) y coordinador de la Menci\u00f3n de Conocimiento del Entorno Natural en el Grado de Magisterio en Ed. Primaria (04\/07\/2019-hoy). Adem\u00e1s, es fundador y organizador de las Jornadas de J\u00f3venes Investigadores de la UAH (8 ediciones 2008-2020).<\/p>\n","protected":false},"excerpt":{"rendered":"<p>Es Coordinador del Grupo de Investigaci\u00f3n consolidado de la Universidad de Alcal\u00e1 denominado \u201cGrupo Investiga, Construye, Crea\u201d, creado en 01\/01\/2020. Profesor titular de la Unidad docente de f\u00edsica de la UAH. Es Doctor en F\u00edsica y Matem\u00e1ticas por la UAH. Su labor investigadora se centra actualmente en la Did\u00e1ctica de las Ciencias Experimentales, las diversas [&hellip;]<\/p>\n","protected":false},"author":1,"featured_media":69,"parent":0,"menu_order":0,"comment_status":"closed","ping_status":"closed","template":"","meta":{"footnotes":""},"class_list":["post-71","page","type-page","status-publish","has-post-thumbnail","hentry"],"_links":{"self":[{"href":"https:\/\/icc.web.uah.es\/index.php\/wp-json\/wp\/v2\/pages\/71","targetHints":{"allow":["GET"]}}],"collection":[{"href":"https:\/\/icc.web.uah.es\/index.php\/wp-json\/wp\/v2\/pages"}],"about":[{"href":"https:\/\/icc.web.uah.es\/index.php\/wp-json\/wp\/v2\/types\/page"}],"author":[{"embeddable":true,"href":"https:\/\/icc.web.uah.es\/index.php\/wp-json\/wp\/v2\/users\/1"}],"replies":[{"embeddable":true,"href":"https:\/\/icc.web.uah.es\/index.php\/wp-json\/wp\/v2\/comments?post=71"}],"version-history":[{"count":2,"href":"https:\/\/icc.web.uah.es\/index.php\/wp-json\/wp\/v2\/pages\/71\/revisions"}],"predecessor-version":[{"id":296,"href":"https:\/\/icc.web.uah.es\/index.php\/wp-json\/wp\/v2\/pages\/71\/revisions\/296"}],"wp:featuredmedia":[{"embeddable":true,"href":"https:\/\/icc.web.uah.es\/index.php\/wp-json\/wp\/v2\/media\/69"}],"wp:attachment":[{"href":"https:\/\/icc.web.uah.es\/index.php\/wp-json\/wp\/v2\/media?parent=71"}],"curies":[{"name":"wp","href":"https:\/\/api.w.org\/{rel}","templated":true}]}}